{"id":2,"date":"2020-09-09T16:21:19","date_gmt":"2020-09-09T14:21:19","guid":{"rendered":"http:\/\/city-life.quadral.fr\/?page_id=2"},"modified":"2022-10-27T11:18:00","modified_gmt":"2022-10-27T09:18:00","slug":"page-d-exemple","status":"publish","type":"page","link":"https:\/\/city-life.quadral.fr\/","title":{"rendered":"R\u00e9sidence City Life &#8211; H\u00e9rouville Saint-Clair"},"content":{"rendered":"<p><section id=\"live\" class=\" section-header-styled auto\" style=\" \">\n\t\t\t\t<div class=\"container\">\n\t\t\n<div class=\"row\">\n\t\n<div class=\"col-md-12   sh-e60d17fbeb5119857944b0f41f15b698\">\n\t<div class=\"fly-col-inner none\" >\n\t\t<div class=\"space-md \" ><\/div>\t<\/div>\n<\/div>\n\n<\/div>\n\n\n<div class=\"row\">\n\t\n<div class=\"col-md-12   sh-e60d17fbeb5119857944b0f41f15b698\">\n\t<div class=\"fly-col-inner none\" >\n\t\t<div class=\"text-block shortcode-container  sh-54ba71b113e175f2a47c98b190bc0810\">\n\t<h2 style=\"text-align: center;\"><em><span style=\"color:#aac90b;\">City Life<\/span><\/em> : un programme immobilier moderne et original, comme vous !<\/h2><\/div>\t<\/div>\n<\/div>\n\n<\/div>\n\n\n<div class=\"row\">\n\t\n<div class=\"col-md-12   sh-e60d17fbeb5119857944b0f41f15b698\">\n\t<div class=\"fly-col-inner none\" >\n\t\t<div class=\"separator separator-danger sh-22cfad31c1727c52b2b70a53f0831112 fw-space-sm \" >\u2666<\/div>\t<\/div>\n<\/div>\n\n<\/div>\n\n\n<div class=\"row\">\n\t\n<div class=\"col-md-12   sh-e60d17fbeb5119857944b0f41f15b698\">\n\t<div class=\"fly-col-inner none\" >\n\t\t<div class=\"text-block shortcode-container  sh-74dc4f7cebca016ebc195e63b5980882\">\n\t<h3 style=\"text-align: left;\">13 maisons de type T4 sur 2 niveaux situ\u00e9es face \u00e0 la Mairie d'H\u00e9rouville Saint-Clair.<\/h3><p style=\"text-align: left;\">Dans un cadre de vie agr\u00e9able et calme, \u00e0 seulement quelques minutes de Caen, chaque maison dispose d'une terrasse ou d'un jardin, d'un garage et d'un parking. Laissez vous s\u00e9duire par cet ensemble immobilier qui fait tant la part belle \u00e0 la nature qu'\u00e0 la modernit\u00e9.<\/p><blockquote><p style=\"text-align: left;\">\u00ab Un foyer contemporain et chaleureux qui conjugue ville et nature, c\u2019est la promesse du programme immobilier neuf City Life \u00bb<\/p><\/blockquote><\/div>\t<\/div>\n<\/div>\n\n<\/div>\n\n\n<div class=\"row\">\n\t\n<div class=\"col-md-12   sh-e60d17fbeb5119857944b0f41f15b698\">\n\t<div class=\"fly-col-inner none\" >\n\t\t\n<div class=\"fly-tabs-container section section-our-clients  sh-5071197639fa57c1ea5a29f8280143ab\" id=\"fly-tabs-5071197639fa57c1ea5a29f8280143ab\">\n\t<ul class=\"nav nav-text list-logos list-logos-danger list-gray-images\" role=\"tablist\">\n\t\t\t\t\t\t\t<li class=\"active\">\n\t\t\t\t<a href=\"#fly-tabs-5071197639fa57c1ea5a29f8280143ab-1\" role=\"tab\" data-toggle=\"tab\">\n\t\t\t\t\t<div class=\"client-logo\">\n\t\t\t\t\t\t\t\t\t\t\t\t\t<img src=\"\/\/city-life.quadral.fr\/wp-content\/uploads\/2021\/05\/Opale-logement.png\" alt=\"\" \/>\t\t\t\t\t\t\t\t\t\t\t\t<h3 class=\"fly-tab-title\">Le programme immobilier City Life<\/h3>\n\t\t\t\t\t<\/div>\n\t\t\t\t<\/a>\n\t\t\t<\/li>\n\t\t\t\t\t<li >\n\t\t\t\t<a href=\"#fly-tabs-5071197639fa57c1ea5a29f8280143ab-2\" role=\"tab\" data-toggle=\"tab\">\n\t\t\t\t\t<div class=\"client-logo\">\n\t\t\t\t\t\t\t\t\t\t\t\t\t<img src=\"\/\/city-life.quadral.fr\/wp-content\/uploads\/2021\/05\/Opale-residence.png\" alt=\"\" \/>\t\t\t\t\t\t\t\t\t\t\t\t<h3 class=\"fly-tab-title\">Les maisons de ville<\/h3>\n\t\t\t\t\t<\/div>\n\t\t\t\t<\/a>\n\t\t\t<\/li>\n\t\t\t<\/ul>\n\t\t<div class=\"tab-content\">\n\t\t\t\t\t<div class=\"tab-pane fade in active\" id=\"fly-tabs-5071197639fa57c1ea5a29f8280143ab-1\">\n\t\t\t\t<div class=\"description\"><ul><li style=\"text-align: left;\">Un programme immobilier neuf en VEFA<\/li><li style=\"text-align: left;\">13 maisons de ville destin\u00e9es exclusivement \u00e0 la r\u00e9sidence principale<\/li><li style=\"text-align: left;\">Garages et places de stationnement<\/li><li style=\"text-align: left;\">Espaces verts paysag\u00e9s<\/li><li style=\"text-align: left;\">A proximit\u00e9 du centre-ville et de toutes ses commodit\u00e9s<\/li><\/ul><\/div>\n\t\t\t<\/div>\n\t\t\t\t\t<div class=\"tab-pane fade \" id=\"fly-tabs-5071197639fa57c1ea5a29f8280143ab-2\">\n\t\t\t\t<div class=\"description\"><ul><li style=\"text-align: left;\">S\u00e9jour de 30m\u00b2 donnant sur un ext\u00e9rieur<\/li><li style=\"text-align: left;\">Cuisine ouverte<\/li><li style=\"text-align: left;\">3 chambres \u00e0 l'\u00e9tage<\/li><li style=\"text-align: left;\">2 salles de bains avec toilettes<\/li><li style=\"text-align: left;\">Fen\u00eatres PVC double vitrage avec isolation phonique et thermique<\/li><li style=\"text-align: left;\">Chaudi\u00e8re individuelle gaz \u00e0 condensation<\/li><li style=\"text-align: left;\">Jardin et\/ou terrasse pour chaque logement<\/li><li style=\"text-align: left;\">Exposition Sud ou Ouest-Est<\/li><\/ul><\/div>\n\t\t\t<\/div>\n\t\t\t<\/div>\n<\/div>\t<\/div>\n<\/div>\n\n<\/div>\n\n\n<div class=\"row\">\n\t\n<div class=\"col-md-12   sh-e60d17fbeb5119857944b0f41f15b698\">\n\t<div class=\"fly-col-inner none\" >\n\t\t<div class=\"space-md \" ><\/div>\t<\/div>\n<\/div>\n\n<\/div>\n\n\t<\/div>\n<\/section>\n<section  class=\" auto\" style=\" \">\n\t\t\t\t<div class=\"container\">\n\t\t\n<div class=\"row\">\n\t\n<div class=\"col-md-12   sh-e60d17fbeb5119857944b0f41f15b698\">\n\t<div class=\"fly-col-inner none\" >\n\t\t<div class=\"text-block shortcode-container  sh-b0e398df99e0c20737aa818a2894e0f6\">\n\t<h3 style=\"text-align: center;\"><strong><span style=\"color:#aac90b;\">Nouveau !<\/span> D\u00e9couvrez notre visite virtuelle en 3D\u00a0<\/strong><strong>et visitez comme si vous y \u00e9tiez !<\/strong><\/h3><\/div>\t<\/div>\n<\/div>\n\n<\/div>\n\n\n<div class=\"row\">\n\t\n<div class=\"col-md-12   sh-e60d17fbeb5119857944b0f41f15b698\">\n\t<div class=\"fly-col-inner none\" >\n\t\t<!-- Pricing -->\n<div class=\"fw-pricing card card-price sh-adb2e24b1d6909d3c1d249beb9006753 \" style=\"background-color: #f2f2f2;\">\n\t<div class=\"content\">\n\t\t<h4 class=\"title-header\">\n\t\t\t\t\t\t\tMaison 4 pi\u00e8ces\t\t\t\t\t\t<br>\n\t\t\t\t\t\t\t<small class=\"subtitle-header\">De 77 m\u00b2 \u00e0 89 m\u00b2 \u00e0 partir de<\/small>\n\t\t\t\t\t<\/h4>\n\t\t<div class=\"price\">\n\t\t\t<span class=\"price-currency\"><\/span>\n\t\t\t<div class=\"number\">225.000 \u20ac<\/div>\n\t\t<\/div>\n\t\t<div class=\"text-description\">\n\t\t\t\t\t\t\t\t\t\t\t\tJardin et\/ou terrasse<br>\n\t\t\t\t\t\t\t\t\tGarage et place de stationnement ext\u00e9rieure<br>\n\t\t\t\t\t\t\t\t\tOrientation Sud ou Ouest-Est<br>\n\t\t\t\t\t\t\t\t\t<\/div>\n\t\t\n<div class=\"text-center\"><a href=\"http:\/\/apps.artefacto.fr\/22\/Quadral_Herouville\/\" target=\"_blank\"   class=\"btn sh-a2ed4bf6d157bc75d11a81fdabe770db btn-lg btn-round btn-fill \">\n\tVisite 3D<\/a>\n<\/div>\t<\/div>\n<\/div>\n<!--\/ Pricing -->\t<\/div>\n<\/div>\n\n<\/div>\n\n\n<div class=\"row\">\n\t\n<div class=\"col-md-12   sh-f1755cba0357fbd1de3ca66787086f75\">\n\t<div class=\"fly-col-inner none\" >\n\t\t<div class=\"space-sm \" ><\/div>\t<\/div>\n<\/div>\n\n<\/div>\n\n\n<div class=\"row\">\n\t\n<div class=\"col-md-12   sh-e60d17fbeb5119857944b0f41f15b698\">\n\t<div class=\"fly-col-inner none\" >\n\t\t<div class=\"space-sm \" ><\/div>\t<\/div>\n<\/div>\n\n<\/div>\n\n\t<\/div>\n<\/section>\n<section  class=\" auto\" style=\" \">\n\t\t\t\t<div class=\"container\">\n\t\t\n<div class=\"row\">\n\t\n<div class=\"col-md-12   sh-e60d17fbeb5119857944b0f41f15b698\">\n\t<div class=\"fly-col-inner none\" >\n\t\t<div class=\"space-md \" ><\/div>\t<\/div>\n<\/div>\n\n<\/div>\n\n\n<div class=\"row\">\n\t\n<div class=\"col-md-6 col-sm-6  sh-6dc07db0f9bac1103304c334500581bd\">\n\t<div class=\"fly-col-inner text-right\" >\n\t\t<div class=\"text-block shortcode-container  sh-92672721b00dde8db2d4359e64cf2f9c\">\n\t<p><img class=\"size-full wp-image-392 aligncenter\" src=\"http:\/\/city-life.quadral.fr\/wp-content\/uploads\/2022\/03\/Illustration-3LABEL.png\" alt=\"PTZ\" width=\"122\" height=\"122\" \/><\/p><\/div>\t<\/div>\n<\/div>\n\n\n<div class=\"col-md-6 col-sm-6  sh-84e99de183b771213807b541ceb08071\">\n\t<div class=\"fly-col-inner text-right\" >\n\t\t<div class=\"text-block shortcode-container  sh-4973ad4427276dbb9df489b65efa80a6\">\n\t<p><img class=\"aligncenter wp-image-393 size-full\" src=\"http:\/\/city-life.quadral.fr\/wp-content\/uploads\/2022\/03\/Illustration-5LABEL.png\" alt=\"TVA 5,5%\" width=\"118\" height=\"122\" \/><\/p><\/div>\t<\/div>\n<\/div>\n\n<\/div>\n\n\n<div class=\"row\">\n\t\n<div class=\"col-md-12   sh-e60d17fbeb5119857944b0f41f15b698\">\n\t<div class=\"fly-col-inner none\" >\n\t\t<div class=\"space-md \" ><\/div>\t<\/div>\n<\/div>\n\n<\/div>\n\n\t<\/div>\n<\/section>\n<section  class=\" section-text-white section-bg-image auto parallax filter\" style=\"background-image: url(\/\/city-life.quadral.fr\/wp-content\/uploads\/2022\/03\/Quadral_Herouville_Pers_interieure_V2-scaled.jpg); \">\n\t\t\t\t<div class=\"container-fluid\">\n\t\t\n<div class=\"row\">\n\t\n<div class=\"col-md-12   sh-e60d17fbeb5119857944b0f41f15b698\">\n\t<div class=\"fly-col-inner none\" >\n\t\t<div class=\"space-md \" ><\/div>\t<\/div>\n<\/div>\n\n<\/div>\n\n\n<div class=\"row\">\n\t\n<div class=\"col-md-12   sh-e60d17fbeb5119857944b0f41f15b698\">\n\t<div class=\"fly-col-inner none\" >\n\t\t<div class=\"text-block shortcode-container  sh-e21c7dbe8f9309570f10162fcc540ef9\">\n\t<h1 style=\"text-align: center;\">Plaisir et convivialit\u00e9<\/h1><\/div>\t<\/div>\n<\/div>\n\n<\/div>\n\n\n<div class=\"row\">\n\t\n<div class=\"col-md-12   sh-e60d17fbeb5119857944b0f41f15b698\">\n\t<div class=\"fly-col-inner none\" >\n\t\t<div class=\"separator separator-danger sh-f909b27b7c9523328114b775eb946d0c fw-space-sm \" >\u2666<\/div>\t<\/div>\n<\/div>\n\n<\/div>\n\n\n<div class=\"row\">\n\t\n<div class=\"col-md-12   sh-e60d17fbeb5119857944b0f41f15b698\">\n\t<div class=\"fly-col-inner none\" >\n\t\t<div class=\"text-block shortcode-container  sh-378fb2dfa1fb917c0dccb59f06940aa9\">\n\t<h3 style=\"text-align: center;\">Laissez-vous s\u00e9duire par une architecture moderne<\/h3><\/div>\t<\/div>\n<\/div>\n\n<\/div>\n\n\n<div class=\"row\">\n\t\n<div class=\"col-md-12   sh-e60d17fbeb5119857944b0f41f15b698\">\n\t<div class=\"fly-col-inner none\" >\n\t\t<div class=\"space-md \" ><\/div>\t<\/div>\n<\/div>\n\n<\/div>\n\n\t<\/div>\n<\/section>\n<section  class=\" auto\" style=\" \">\n\t\t\t\t<div class=\"container\">\n\t\t\n<div class=\"row\">\n\t\n<div class=\"col-md-12   sh-e60d17fbeb5119857944b0f41f15b698\">\n\t<div class=\"fly-col-inner none\" >\n\t\t<div class=\"space-sm \" ><\/div>\t<\/div>\n<\/div>\n\n<\/div>\n\n\n<div class=\"row\">\n\t\n<div class=\"col-md-12   sh-e60d17fbeb5119857944b0f41f15b698\">\n\t<div class=\"fly-col-inner none\" >\n\t\t<div class=\"text-block shortcode-container  sh-ba0c234b5c7eb76e4f22de8b08ec215b\">\n\t<h2 style=\"text-align: center;\"><em><span style=\"color: #aac90b;\">City Life<\/span><\/em> \u00e0 H\u00e9rouville Saint-Clair<\/h2><p>Le programme City Life est situ\u00e9 \u00e0 proximit\u00e9 de nombreuses commodit\u00e9s : Centre Commercial, Supermarch\u00e9, Mairie, Transports en commun, CHU, cr\u00e8ches, coll\u00e8ge, lyc\u00e9e, Grandes \u00e9coles (UFR Sant\u00e9, IAE Caen). Les amoureux de la nature trouveront le Lac de L\u00e9bisey \u00e0 10 minutes en v\u00e9lo. Id\u00e9al pour les escapades en famille et entre amis.<\/p><\/div>\t<\/div>\n<\/div>\n\n<\/div>\n\n\n<div class=\"row\">\n\t\n<div class=\"col-md-12   sh-e60d17fbeb5119857944b0f41f15b698\">\n\t<div class=\"fly-col-inner none\" >\n\t\t<div class=\"separator separator-danger sh-2cb4fd2ee138ad13b973f017a2295b85 fw-space-sm \" >\u2666<\/div>\t<\/div>\n<\/div>\n\n<\/div>\n\n\n<div class=\"row\">\n\t\n<div class=\"col-md-12   sh-e60d17fbeb5119857944b0f41f15b698\">\n\t<div class=\"fly-col-inner none\" >\n\t\t<div class=\"space-md \" ><\/div>\t<\/div>\n<\/div>\n\n<\/div>\n\n\n<div class=\"row\">\n\t\n<div class=\"col-md-6   sh-e9c665060e7165270157e54b7381ba5b\">\n\t<div class=\"fly-col-inner none\" >\n\t\t<div class=\"fw-iconbox  sh-abfb2208eec14dde41dd86b062faaebd\">\n\t<div class=\"info-pricing\">\n\t\t\t\t\t<div class=\"icon\">\n\t\t\t\t<i class=\"icons-info fa fa-shopping-basket\" style=\"color: #003f39;\"><\/i>\n\t\t\t<\/div>\n\t\t\t\t<div class=\"text\">\n\t\t\t\t\t\t\t<h3 class=\"title-info\">Commerces<\/h3>\n\t\t\t\t\t\t\t\t\t\t<div class=\"text-description text-gray\">\n\t\t\t\t\t<p>Mairie, poste, march\u00e9, boulangerie, bar-tabac, banque, restaurant \u00e0 quelques m\u00e8tres<\/p>\t\t\t\t<\/div>\n\t\t\t\t\t<\/div>\n\t<\/div>\n<\/div><div class=\"fw-iconbox  sh-6198ded8a1e1f09da917916ae2980ef7\">\n\t<div class=\"info-pricing\">\n\t\t\t\t\t<div class=\"icon\">\n\t\t\t\t<i class=\"icons-info fa fa-automobile\" style=\"color: #003f39;\"><\/i>\n\t\t\t<\/div>\n\t\t\t\t<div class=\"text\">\n\t\t\t\t\t\t\t<h3 class=\"title-info\">Acc\u00e8s routiers<\/h3>\n\t\t\t\t\t\t\t\t\t\t<div class=\"text-description text-gray\">\n\t\t\t\t\t<p>Autoroute \u00e0 moins de 5 minutes<\/p>\t\t\t\t<\/div>\n\t\t\t\t\t<\/div>\n\t<\/div>\n<\/div><div class=\"fw-iconbox  sh-6708345c5d3bdb8b9d2613982bbb961f\">\n\t<div class=\"info-pricing\">\n\t\t\t\t\t<div class=\"icon\">\n\t\t\t\t<i class=\"icons-info fa fa-train\" style=\"color: #003f39;\"><\/i>\n\t\t\t<\/div>\n\t\t\t\t<div class=\"text\">\n\t\t\t\t\t\t\t<h3 class=\"title-info\">GARE SNCF<\/h3>\n\t\t\t\t\t\t\t\t\t\t<div class=\"text-description text-gray\">\n\t\t\t\t\t<p>Centre-ville de Caen \u00e0 3 km<\/p>\t\t\t\t<\/div>\n\t\t\t\t\t<\/div>\n\t<\/div>\n<\/div>\t<\/div>\n<\/div>\n\n\n<div class=\"col-md-6   sh-f81204793f021133f7bcbea586d2bc1f\">\n\t<div class=\"fly-col-inner none\" >\n\t\t<div class=\"section section-contact-us\">\n\t<div class=\"contact-container\">\n\t\t\t\t<div class=\"wrap-map fw-map \" data-locations=\"[{&quot;title&quot;:&quot;&quot;,&quot;url&quot;:&quot;&quot;,&quot;thumb&quot;:false,&quot;coordinates&quot;:{&quot;lat&quot;:49.2043563,&quot;lng&quot;:-0.3359203},&quot;description&quot;:&quot;&quot;}]\" data-map-type=\"TERRAIN\" data-map-height=\"400\" data-unique-id=\"056ea509e61bb1a1319f9fad8370d926\" data-map-pin=\"{&quot;url&quot;:&quot;\\\/\\\/city-life.quadral.fr\\\/wp-content\\\/uploads\\\/2022\\\/03\\\/Logo-City-Life.png&quot;}\" data-map-zoom=\"15\" data-class=\"\" >\n\t\t\t<div class=\"fw-map-canvas map\"><\/div>\n\t\t<\/div>\n\t<\/div>\n<\/div>\t<\/div>\n<\/div>\n\n<\/div>\n\n\n<div class=\"row\">\n\t\n<div class=\"col-md-12   sh-e60d17fbeb5119857944b0f41f15b698\">\n\t<div class=\"fly-col-inner none\" >\n\t\t<div class=\"space-md \" ><\/div>\t<\/div>\n<\/div>\n\n<\/div>\n\n\t<\/div>\n<\/section>\n<\/p>\n","protected":false},"excerpt":{"rendered":"<p>City Life : un programme immobilier moderne et original, comme vous ! \u2666 13 maisons de type T4 sur 2 niveaux situ\u00e9es face \u00e0 la Mairie d&rsquo;H\u00e9rouville Saint-Clair.Dans un cadre [&hellip;]<\/p>\n","protected":false},"author":6,"featured_media":0,"parent":0,"menu_order":0,"comment_status":"closed","ping_status":"open","template":"page-builder.php","meta":[],"_links":{"self":[{"href":"https:\/\/city-life.quadral.fr\/index.php?rest_route=\/wp\/v2\/pages\/2"}],"collection":[{"href":"https:\/\/city-life.quadral.fr\/index.php?rest_route=\/wp\/v2\/pages"}],"about":[{"href":"https:\/\/city-life.quadral.fr\/index.php?rest_route=\/wp\/v2\/types\/page"}],"author":[{"embeddable":true,"href":"https:\/\/city-life.quadral.fr\/index.php?rest_route=\/wp\/v2\/users\/6"}],"replies":[{"embeddable":true,"href":"https:\/\/city-life.quadral.fr\/index.php?rest_route=%2Fwp%2Fv2%2Fcomments&post=2"}],"version-history":[{"count":252,"href":"https:\/\/city-life.quadral.fr\/index.php?rest_route=\/wp\/v2\/pages\/2\/revisions"}],"predecessor-version":[{"id":434,"href":"https:\/\/city-life.quadral.fr\/index.php?rest_route=\/wp\/v2\/pages\/2\/revisions\/434"}],"wp:attachment":[{"href":"https:\/\/city-life.quadral.fr\/index.php?rest_route=%2Fwp%2Fv2%2Fmedia&parent=2"}],"curies":[{"name":"wp","href":"https:\/\/api.w.org\/{rel}","templated":true}]}}